{"id":17,"date":"2015-03-31T16:49:58","date_gmt":"2015-03-31T15:49:58","guid":{"rendered":"http:\/\/thanksyou.fr\/remerciement\/?page_id=17"},"modified":"2015-04-02T13:41:36","modified_gmt":"2015-04-02T12:41:36","slug":"demos","status":"publish","type":"page","link":"https:\/\/www.thanksyou.fr\/remerciement\/demos\/","title":{"rendered":"D\u00e9mos"},"content":{"rendered":"<div role=\"form\" class=\"wpcf7\" id=\"wpcf7-f4-o1\" lang=\"fr-FR\" dir=\"ltr\">\n<div class=\"screen-reader-response\"><p role=\"status\" aria-live=\"polite\" aria-atomic=\"true\"><\/p> <ul><\/ul><\/div>\n<form action=\"\/remerciement\/wp-json\/wp\/v2\/pages\/17#wpcf7-f4-o1\" method=\"post\" class=\"wpcf7-form init\" novalidate=\"novalidate\" data-status=\"init\">\n<div style=\"display: none;\">\n<input type=\"hidden\" name=\"_wpcf7\" value=\"4\" \/>\n<input type=\"hidden\" name=\"_wpcf7_version\" value=\"5.6.3\" \/>\n<input type=\"hidden\" name=\"_wpcf7_locale\" value=\"fr_FR\" \/>\n<input type=\"hidden\" name=\"_wpcf7_unit_tag\" value=\"wpcf7-f4-o1\" \/>\n<input type=\"hidden\" name=\"_wpcf7_container_post\" value=\"0\" \/>\n<input type=\"hidden\" name=\"_wpcf7_posted_data_hash\" value=\"\" \/>\n<\/div>\n<h1>Demande de D\u00e9mo de la solutionThanksYOU!<\/h1>\n<p>Nous serons ravis de pouvoir vous montrer en direct la solution ThanksYou!\n<\/p>\n<p>> La d\u00e9mo se fait en 20\/30 min en \u00e9cran partag\u00e9.<br \/>\nIndiquez-nous ci dessous vos cr\u00e9neaux disponibles,<br \/>\nnous nous adapterons bien s\u00fbr \u00e0 votre agenda. <\/p>\n<p>L'\u00e9quipe est \u00e0 votre disposition :<\/p>\n<ul>\n<li>au <span style=\"color: #be4f20;\"><b>02 40 03 05 69<\/b><\/span> du lundi au vendredi de 9:00 \u00e0 18:00.<\/li>\n<li>ou par mail \u00e0 <b><a href=\"mailto:contact@thanksyou.fr\">contact@thanksyou.fr<\/a><\/b><\/li>\n<\/ul>\n<p>Vous pouvez \u00e9galement nous contacter via le formulaire ci-dessous.<\/p>\n<p>Dans tous les cas, nous serons r\u00e9actifs \u00e0 votre demande sous 24h !<br \/>\nTr\u00e8s bonne journ\u00e9e \u00e0 vous.\n<\/p>\n<p><br><\/p>\n<div class=\"form-row\" ><span class=\"label\" style=\"float:left;\">Pr\u00e9nom<\/span>   <span class=\"wpcf7-form-control-wrap\" data-name=\"prenom\"><input type=\"text\" name=\"prenom\" value=\"\" size=\"40\" class=\"wpcf7-form-control wpcf7-text\" aria-invalid=\"false\" \/><\/span><\/div>\n<div class=\"form-row\" ><span class=\"label\" style=\"float:left;\">Nom (*) <\/span>   <span class=\"wpcf7-form-control-wrap\" data-name=\"nom\"><input type=\"text\" name=\"nom\" value=\"\" size=\"40\" class=\"wpcf7-form-control wpcf7-text wpcf7-validates-as-required\" aria-required=\"true\" aria-invalid=\"false\" \/><\/span> <\/div>\n<div class=\"form-row\" ><span class=\"label\" style=\"float:left;\">Soci\u00e9t\u00e9 (*)  <\/span>  <span class=\"wpcf7-form-control-wrap\" data-name=\"societe\"><input type=\"text\" name=\"societe\" value=\"\" size=\"40\" class=\"wpcf7-form-control wpcf7-text wpcf7-validates-as-required\" aria-required=\"true\" aria-invalid=\"false\" \/><\/span> <\/div>\n<div class=\"form-row\" ><span class=\"label\" style=\"float:left;\">Fonction  <\/span>  <span class=\"wpcf7-form-control-wrap\" data-name=\"fonction\"><input type=\"text\" name=\"fonction\" value=\"\" size=\"40\" class=\"wpcf7-form-control wpcf7-text\" aria-invalid=\"false\" \/><\/span> <\/div>\n<div class=\"form-row\" ><span class=\"label\" style=\"float:left;\">T\u00e9l\u00e9phone (*)  <\/span> <span class=\"wpcf7-form-control-wrap\" data-name=\"telephone\"><input type=\"text\" name=\"telephone\" value=\"\" size=\"40\" class=\"wpcf7-form-control wpcf7-text wpcf7-validates-as-required\" aria-required=\"true\" aria-invalid=\"false\" \/><\/span> <\/div>\n<div class=\"form-row\" ><span class=\"label\" style=\"float:left;\">E-mail (*) <\/span>  <span class=\"wpcf7-form-control-wrap\" data-name=\"email\"><input type=\"email\" name=\"email\" value=\"\" size=\"40\" class=\"wpcf7-form-control wpcf7-text wpcf7-email wpcf7-validates-as-required wpcf7-validates-as-email\" aria-required=\"true\" aria-invalid=\"false\" \/><\/span> <\/div>\n<div class=\"form-row\" >\n<p class=\"label\"  style=\"float:left;\">Informations compl\u00e9mentaires <span style=\"font-weight:normal;\">(cr\u00e9neau disponible pour vous, votre id\u00e9e d\u2019usage ThanksYou!, questions, ..)<span><\/p>\n<p>    <span class=\"wpcf7-form-control-wrap\" data-name=\"infos\"><textarea name=\"infos\" cols=\"40\" rows=\"10\" class=\"wpcf7-form-control wpcf7-textarea\" aria-invalid=\"false\"><\/textarea><\/span> <\/p><\/div>\n<div class=\"form-row\" ><span class=\"label\" style=\"float:left;\"> C'est important pour nous, merci ! Comment nous avez-vous connu ? <\/span>  <span class=\"wpcf7-form-control-wrap\" data-name=\"comment\"><input type=\"text\" name=\"comment\" value=\"\" size=\"40\" class=\"wpcf7-form-control wpcf7-text\" aria-invalid=\"false\" \/><\/span> <\/div>\n<p class=\"form-button\"><input type=\"submit\" value=\"ThanksYou! Envoyer !\" class=\"wpcf7-form-control has-spinner wpcf7-submit\" \/><\/p>\n<div class=\"wpcf7-response-output\" aria-hidden=\"true\"><\/div><\/form><\/div>\n","protected":false},"excerpt":{"rendered":"","protected":false},"author":1,"featured_media":0,"parent":0,"menu_order":0,"comment_status":"closed","ping_status":"closed","template":"","meta":{"_mi_skip_tracking":false},"yoast_head":"<!-- This site is optimized with the Yoast SEO plugin v19.6.1 - https:\/\/yoast.com\/wordpress\/plugins\/seo\/ -->\n<title>D\u00e9mos - ThanksYou!<\/title>\n<meta name=\"robots\" content=\"index, follow, max-snippet:-1, max-image-preview:large, max-video-preview:-1\" \/>\n<link rel=\"canonical\" href=\"https:\/\/www.thanksyou.fr\/remerciement\/demos\/\" \/>\n<meta property=\"og:locale\" content=\"fr_FR\" \/>\n<meta property=\"og:type\" content=\"article\" \/>\n<meta property=\"og:title\" content=\"D\u00e9mos - ThanksYou!\" \/>\n<meta property=\"og:url\" content=\"https:\/\/www.thanksyou.fr\/remerciement\/demos\/\" \/>\n<meta property=\"og:site_name\" content=\"ThanksYou!\" \/>\n<meta property=\"article:modified_time\" content=\"2015-04-02T12:41:36+00:00\" \/>\n<script type=\"application\/ld+json\" class=\"yoast-schema-graph\">{\"@context\":\"https:\/\/schema.org\",\"@graph\":[{\"@type\":\"WebPage\",\"@id\":\"https:\/\/www.thanksyou.fr\/remerciement\/demos\/\",\"url\":\"https:\/\/www.thanksyou.fr\/remerciement\/demos\/\",\"name\":\"D\u00e9mos - ThanksYou!\",\"isPartOf\":{\"@id\":\"https:\/\/www.thanksyou.fr\/remerciement\/#website\"},\"datePublished\":\"2015-03-31T15:49:58+00:00\",\"dateModified\":\"2015-04-02T12:41:36+00:00\",\"breadcrumb\":{\"@id\":\"https:\/\/www.thanksyou.fr\/remerciement\/demos\/#breadcrumb\"},\"inLanguage\":\"fr-FR\",\"potentialAction\":[{\"@type\":\"ReadAction\",\"target\":[\"https:\/\/www.thanksyou.fr\/remerciement\/demos\/\"]}]},{\"@type\":\"BreadcrumbList\",\"@id\":\"https:\/\/www.thanksyou.fr\/remerciement\/demos\/#breadcrumb\",\"itemListElement\":[{\"@type\":\"ListItem\",\"position\":1,\"name\":\"ThanksYou\",\"item\":\"https:\/\/www.thanksyou.fr\/remerciement\/\"},{\"@type\":\"ListItem\",\"position\":2,\"name\":\"D\u00e9mos\"}]},{\"@type\":\"WebSite\",\"@id\":\"https:\/\/www.thanksyou.fr\/remerciement\/#website\",\"url\":\"https:\/\/www.thanksyou.fr\/remerciement\/\",\"name\":\"ThanksYou!\",\"description\":\"\",\"potentialAction\":[{\"@type\":\"SearchAction\",\"target\":{\"@type\":\"EntryPoint\",\"urlTemplate\":\"https:\/\/www.thanksyou.fr\/remerciement\/?s={search_term_string}\"},\"query-input\":\"required name=search_term_string\"}],\"inLanguage\":\"fr-FR\"}]}<\/script>\n<!-- \/ Yoast SEO plugin. -->","yoast_head_json":{"title":"D\u00e9mos - ThanksYou!","robots":{"index":"index","follow":"follow","max-snippet":"max-snippet:-1","max-image-preview":"max-image-preview:large","max-video-preview":"max-video-preview:-1"},"canonical":"https:\/\/www.thanksyou.fr\/remerciement\/demos\/","og_locale":"fr_FR","og_type":"article","og_title":"D\u00e9mos - ThanksYou!","og_url":"https:\/\/www.thanksyou.fr\/remerciement\/demos\/","og_site_name":"ThanksYou!","article_modified_time":"2015-04-02T12:41:36+00:00","schema":{"@context":"https:\/\/schema.org","@graph":[{"@type":"WebPage","@id":"https:\/\/www.thanksyou.fr\/remerciement\/demos\/","url":"https:\/\/www.thanksyou.fr\/remerciement\/demos\/","name":"D\u00e9mos - ThanksYou!","isPartOf":{"@id":"https:\/\/www.thanksyou.fr\/remerciement\/#website"},"datePublished":"2015-03-31T15:49:58+00:00","dateModified":"2015-04-02T12:41:36+00:00","breadcrumb":{"@id":"https:\/\/www.thanksyou.fr\/remerciement\/demos\/#breadcrumb"},"inLanguage":"fr-FR","potentialAction":[{"@type":"ReadAction","target":["https:\/\/www.thanksyou.fr\/remerciement\/demos\/"]}]},{"@type":"BreadcrumbList","@id":"https:\/\/www.thanksyou.fr\/remerciement\/demos\/#breadcrumb","itemListElement":[{"@type":"ListItem","position":1,"name":"ThanksYou","item":"https:\/\/www.thanksyou.fr\/remerciement\/"},{"@type":"ListItem","position":2,"name":"D\u00e9mos"}]},{"@type":"WebSite","@id":"https:\/\/www.thanksyou.fr\/remerciement\/#website","url":"https:\/\/www.thanksyou.fr\/remerciement\/","name":"ThanksYou!","description":"","potentialAction":[{"@type":"SearchAction","target":{"@type":"EntryPoint","urlTemplate":"https:\/\/www.thanksyou.fr\/remerciement\/?s={search_term_string}"},"query-input":"required name=search_term_string"}],"inLanguage":"fr-FR"}]}},"_links":{"self":[{"href":"https:\/\/www.thanksyou.fr\/remerciement\/wp-json\/wp\/v2\/pages\/17"}],"collection":[{"href":"https:\/\/www.thanksyou.fr\/remerciement\/wp-json\/wp\/v2\/pages"}],"about":[{"href":"https:\/\/www.thanksyou.fr\/remerciement\/wp-json\/wp\/v2\/types\/page"}],"author":[{"embeddable":true,"href":"https:\/\/www.thanksyou.fr\/remerciement\/wp-json\/wp\/v2\/users\/1"}],"replies":[{"embeddable":true,"href":"https:\/\/www.thanksyou.fr\/remerciement\/wp-json\/wp\/v2\/comments?post=17"}],"version-history":[{"count":2,"href":"https:\/\/www.thanksyou.fr\/remerciement\/wp-json\/wp\/v2\/pages\/17\/revisions"}],"predecessor-version":[{"id":90,"href":"https:\/\/www.thanksyou.fr\/remerciement\/wp-json\/wp\/v2\/pages\/17\/revisions\/90"}],"wp:attachment":[{"href":"https:\/\/www.thanksyou.fr\/remerciement\/wp-json\/wp\/v2\/media?parent=17"}],"curies":[{"name":"wp","href":"https:\/\/api.w.org\/{rel}","templated":true}]}}