{"id":283,"date":"2015-04-13T15:52:29","date_gmt":"2015-04-13T14:52:29","guid":{"rendered":"http:\/\/thanksyou.fr\/remerciement\/?page_id=283"},"modified":"2015-04-14T15:46:40","modified_gmt":"2015-04-14T14:46:40","slug":"applications","status":"publish","type":"page","link":"https:\/\/www.thanksyou.fr\/remerciement\/applications\/","title":{"rendered":"Applications"},"content":{"rendered":"<div id=\"pl-283\"  class=\"panel-layout\" ><div id=\"pg-283-0\"  class=\"panel-grid panel-no-style\" ><div id=\"pgc-283-0-0\"  class=\"panel-grid-cell panel-grid-cell-empty\" ><\/div><\/div><div id=\"pg-283-1\"  class=\"panel-grid panel-has-style\" ><div class=\" bloc-adoptez panel-row-style panel-row-style-for-283-1\" ><div id=\"pgc-283-1-0\"  class=\"panel-grid-cell\" ><div id=\"panel-283-1-0-0\" class=\"so-panel widget widget_black-studio-tinymce widget_black_studio_tinymce panel-first-child panel-last-child\" data-index=\"0\" ><div class=\"occasions panel-widget-style panel-widget-style-for-283-1-0-0\" ><div class=\"textwidget\"><h3>1000 occasions<br \/> de stimuler<br \/> et remercier ...!<\/h3>\n<\/div><\/div><\/div><\/div><div id=\"pgc-283-1-1\"  class=\"panel-grid-cell\" ><div id=\"panel-283-1-1-0\" class=\"so-panel widget widget_siteorigin-panels-builder panel-first-child panel-last-child\" data-index=\"1\" ><div class=\"decouvrez panel-widget-style panel-widget-style-for-283-1-1-0\" ><div id=\"pl-w552cbfd2c071c\"  class=\"panel-layout\" ><div id=\"pg-w552cbfd2c071c-0\"  class=\"panel-grid panel-no-style\" ><div id=\"pgc-w552cbfd2c071c-0-0\"  class=\"panel-grid-cell\" ><div id=\"panel-w552cbfd2c071c-0-0-0\" class=\"so-panel widget widget_sow-image panel-first-child panel-last-child\" data-index=\"0\" ><div class=\"bulles-bandeau panel-widget-style panel-widget-style-for-w552cbfd2c071c-0-0-0\" ><div\n\t\t\t\n\t\t\tclass=\"so-widget-sow-image so-widget-sow-image-default-d6014b76747a\"\n\t\t\t\n\t\t>\n\n<div class=\"sow-image-container\">\n\t\t<img src=\"https:\/\/www.thanksyou.fr\/remerciement\/wp-content\/uploads\/2015\/03\/bulles-bandeau2.jpg\" width=\"898\" height=\"206\" srcset=\"https:\/\/www.thanksyou.fr\/remerciement\/wp-content\/uploads\/2015\/03\/bulles-bandeau2.jpg 898w, https:\/\/www.thanksyou.fr\/remerciement\/wp-content\/uploads\/2015\/03\/bulles-bandeau2-300x69.jpg 300w\" sizes=\"(max-width: 898px) 100vw, 898px\" alt=\"\" loading=\"lazy\" \t\tclass=\"so-widget-image\"\/>\n\t<\/div>\n\n<\/div><\/div><\/div><\/div><\/div><\/div><\/div><\/div><\/div><\/div><\/div><div id=\"pg-283-2\"  class=\"panel-grid panel-no-style\" ><div id=\"pgc-283-2-0\"  class=\"panel-grid-cell\" ><div id=\"panel-283-2-0-0\" class=\"so-panel widget widget_siteorigin-panels-builder panel-first-child\" data-index=\"2\" ><div id=\"pl-w552c3cfc0169a\"  class=\"panel-layout\" ><div id=\"pg-w552c3cfc0169a-0\"  class=\"panel-grid panel-no-style\" ><div id=\"pgc-w552c3cfc0169a-0-0\"  class=\"panel-grid-cell\" ><div id=\"panel-w552c3cfc0169a-0-0-0\" class=\"so-panel widget widget_black-studio-tinymce widget_black_studio_tinymce panel-first-child panel-last-child\" data-index=\"0\" ><div class=\"pourquoi panel-widget-style panel-widget-style-for-w552c3cfc0169a-0-0-0\" ><div class=\"textwidget\"><h3><strong>QUELS<\/strong> USAGES de <img class=\"alignnone wp-image-229 size-full\" src=\"http:\/\/thanksyou.fr\/remerciement\/wp-content\/uploads\/2015\/03\/logo2.jpg\" alt=\"\" width=\"262\" height=\"86\" \/> POUR VOUS ?<\/h3>\n<\/div><\/div><\/div><\/div><\/div><\/div><\/div><div id=\"panel-283-2-0-1\" class=\"so-panel widget widget_siteorigin-panels-builder\" data-index=\"3\" ><div id=\"pl-w552c4515a7135\"  class=\"panel-layout\" ><div id=\"pg-w552c4515a7135-0\"  class=\"panel-grid panel-no-style\" ><div id=\"pgc-w552c4515a7135-0-0\"  class=\"panel-grid-cell\" ><div id=\"panel-w552c4515a7135-0-0-0\" class=\"so-panel widget widget_black-studio-tinymce widget_black_studio_tinymce panel-first-child panel-last-child\" data-index=\"0\" ><div class=\"pourquoi-txt1 panel-widget-style panel-widget-style-for-w552c4515a7135-0-0-0\" ><div class=\"textwidget\"><h3>POUR VOS ENQU\u00caTES ?<\/h3>\n<p>Entre + 25 \u00e0 + 80% de r\u00e9pondants en plus !<br \/>\n<strong style=\"line-height: 1.5;\">ThanksYou!\u00a0s'adapte \u00e0 toutes les configurations<\/strong><span style=\"line-height: 1.5;\"> : enqu\u00eate sur \u00a0lieu de vente, sur internet, par e-mail, papier ou t\u00e9l\u00e9phone.<br \/>\n<\/span>&gt; Stimulation amont + choix parmi \u00a06\/8 remerciements adapt\u00e9s<br \/>\n&gt; Distribution automatique des codes aux r\u00e9pondants<br \/>\ndans la limite du quota annonc\u00e9<br \/>\n<span style=\"line-height: 1.5;\">&gt; Z\u00e9ro gestion logistique pour vous<br \/>\n<\/span><span style=\"line-height: 1.5;\">&gt; Budget 100% ma\u00eetris\u00e9 + participants valoris\u00e9s !<\/span><\/p>\n<p><strong>ThanksYou! est compatible avec tous les logiciels de questionnaire <\/strong>et disponible \u00e9galement en marque blanche pour les soci\u00e9t\u00e9s\u00a0d'\u00e9tudes.<br \/>\n<strong>A partir de 395 \u20ac HT l'op\u00e9ration\u00a0<\/a>incluant 75 remerciements.<\/strong><br \/>\n<a href=\"http:\/\/thanksyou.fr\/remerciement\/contact\/\" title=\"Contact\">Contactez-nous.<\/a><\/p>\n<\/div><\/div><\/div><\/div><div id=\"pgc-w552c4515a7135-0-1\"  class=\"panel-grid-cell\" ><div id=\"panel-w552c4515a7135-0-1-0\" class=\"so-panel widget widget_black-studio-tinymce widget_black_studio_tinymce panel-first-child panel-last-child\" data-index=\"1\" ><div class=\"pourquoi-txt1 panel-widget-style panel-widget-style-for-w552c4515a7135-0-1-0\" ><div class=\"textwidget\"><h3>POUR VOS EVENEMENTS ?<\/h3>\n<p>Vous n'arrivez pas toujours \u00e0 mobiliser vos publics pour vos petits d\u00e9jeuners, conf\u00e9rences, portes-ouvertes, ..?<br \/>\n<strong>Avec ThanksYou! diff\u00e9renciez-vous<\/strong> :<br \/>\n&gt; Valorisez la venue de vos publics<br \/>\n&gt; Remerciements 100% adapt\u00e9s \u00e0 votre \u00e9v\u00e9nement<br \/>\n&gt; Budget 100% maitris\u00e9 + des participants valoris\u00e9s<\/p>\n<p><strong style=\"line-height: 1.5;\">Vous avez de nombreux \u00e9v\u00e9nements ?<br \/>\n<\/strong>&gt; Personnalisez votre plateforme ThanksYou!<br \/>\n&gt; Ou optez pour notre pack multi-op\u00e9rations d\u00e9gressif.<br \/>\n<strong style=\"line-height: 1.5;\">A partir de 395 \u20ac HT l'op\u00e9ration<br \/>\n<\/strong><strong>960 \u20ac votre plateforme \u00e0 l'ann\u00e9e<\/strong><br \/>\n<a href=\"http:\/\/thanksyou.fr\/remerciement\/contact\/\" title=\"Contact\">Contactez-nous.<\/a><\/p>\n<\/div><\/div><\/div><\/div><\/div><div id=\"pg-w552c4515a7135-1\"  class=\"panel-grid panel-no-style\" ><div id=\"pgc-w552c4515a7135-1-0\"  class=\"panel-grid-cell\" ><div id=\"panel-w552c4515a7135-1-0-0\" class=\"so-panel widget widget_black-studio-tinymce widget_black_studio_tinymce panel-first-child panel-last-child\" data-index=\"2\" ><div class=\"pourquoi-txt1 panel-widget-style panel-widget-style-for-w552c4515a7135-1-0-0\" ><div class=\"textwidget\"><h3>POUR VOS NOUVEAUX CLIENTS\u00a0?<\/h3>\n<p>Comment \"bien\" souhaiter la bienvenue \u00e0 des nouveaux clients ?<br \/>\n<strong style=\"line-height: 1.5;\">ThanksYou valorise vos nouveaux clients, vous rend encore plus attractif\u00a0<\/strong><span style=\"line-height: 1.5;\"><br \/>\n<\/span>&gt;\u00a0Un code unique transmis \u00e0 vos nouveaux clients par le moyen le plus adapt\u00e9 ( mail, carte, ..)<br \/>\n&gt;\u00a0Un remerciement surprise pour eux \u00e0 choisir parmi\u00a0votre s\u00e9lection<br \/>\n&gt; Z\u00e9ro gestion logistique pour vous<br \/>\n&gt; Int\u00e9gration possible de remerciements personnalis\u00e9s<br \/>\n&gt; Budget 100% ma\u00eetris\u00e9 + clients valoris\u00e9s !<\/p>\n<p><strong>A partir de 525 \u20ac HT l'op\u00e9ration\u00a0<\/a>incluant 100 remerciements.<\/strong><br \/>\n<a href=\"http:\/\/thanksyou.fr\/remerciement\/contact\/\" title=\"Contact\">Contactez-nous.<\/a><\/p>\n<\/div><\/div><\/div><\/div><div id=\"pgc-w552c4515a7135-1-1\"  class=\"panel-grid-cell\" ><div id=\"panel-w552c4515a7135-1-1-0\" class=\"so-panel widget widget_black-studio-tinymce widget_black_studio_tinymce panel-first-child panel-last-child\" data-index=\"3\" ><div class=\"pourquoi-txt2 panel-widget-style panel-widget-style-for-w552c4515a7135-1-1-0\" ><div class=\"textwidget\"><h3> POUR VOS CREATIONS DE COMPTES ? <\/h3>\n<p>La cr\u00e9ation de compte est un levier puissant de votre croissance ?<br \/>\n<strong> Dopez le volume de cr\u00e9ation <\/strong>en remer\u00e7iant:<br \/>\n> tous les nouveaux cr\u00e9ateurs de compte<br \/>\n> ou en ciblant les cr\u00e9ateurs du jour,<br \/>\n> ou une cat\u00e9gorie de comptes particuli\u00e8rement souhait\u00e9e.<\/p>\n<p><strong>Notre catalogue de remerciements est particuli\u00e8rement adapt\u00e9 \u00e0 ce type de micro-stimulation.<\/strong><br \/>\nThanksYou! permet une diffusion automatis\u00e9e des codes uniques de remerciements.  <\/p>\n<p><strong>A partir de 395 \u20ac HT l'op\u00e9ration\u00a0<\/a>incluant 100 remerciements.<\/strong><br \/>\n<a href=\"http:\/\/thanksyou.fr\/remerciement\/contact\/\" title=\"Contact\">Contactez-nous.<\/a><\/p>\n<\/div><\/div><\/div><\/div><\/div><\/div><\/div><div id=\"panel-283-2-0-2\" class=\"so-panel widget widget_siteorigin-panels-builder panel-last-child\" data-index=\"4\" ><div id=\"pl-w552d285020805\"  class=\"panel-layout\" ><div id=\"pg-w552d285020805-0\"  class=\"panel-grid panel-no-style\" ><div id=\"pgc-w552d285020805-0-0\"  class=\"panel-grid-cell\" ><div id=\"panel-w552d285020805-0-0-0\" class=\"so-panel widget widget_black-studio-tinymce widget_black_studio_tinymce panel-first-child panel-last-child\" data-index=\"0\" ><div class=\"pourquoi panel-widget-style panel-widget-style-for-w552d285020805-0-0-0\" ><div class=\"textwidget\"><h3><strong>&gt;&gt;\u00a0<a title=\"Devis\" href=\"http:\/\/thanksyou.fr\/remerciement\/devis\/\">PROFITEZ DES TARIFS DE LANCEMENT<\/a><\/strong><\/h3>\n<\/div><\/div><\/div><\/div><\/div><\/div><\/div><\/div><\/div><\/div>","protected":false},"excerpt":{"rendered":"<p>1000 occasions de stimuler et remercier &#8230;!<\/p>\n","protected":false},"author":1,"featured_media":0,"parent":0,"menu_order":0,"comment_status":"closed","ping_status":"closed","template":"","meta":{"_mi_skip_tracking":false},"yoast_head":"<!-- This site is optimized with the Yoast SEO plugin v19.6.1 - https:\/\/yoast.com\/wordpress\/plugins\/seo\/ -->\n<title>Applications - ThanksYou!<\/title>\n<meta name=\"robots\" content=\"index, follow, max-snippet:-1, max-image-preview:large, max-video-preview:-1\" \/>\n<link rel=\"canonical\" href=\"https:\/\/www.thanksyou.fr\/remerciement\/applications\/\" \/>\n<meta property=\"og:locale\" content=\"fr_FR\" \/>\n<meta property=\"og:type\" content=\"article\" \/>\n<meta property=\"og:title\" content=\"Applications - ThanksYou!\" \/>\n<meta property=\"og:description\" content=\"1000 occasions de stimuler et remercier ...!\" \/>\n<meta property=\"og:url\" content=\"https:\/\/www.thanksyou.fr\/remerciement\/applications\/\" \/>\n<meta property=\"og:site_name\" content=\"ThanksYou!\" \/>\n<meta property=\"article:modified_time\" content=\"2015-04-14T14:46:40+00:00\" \/>\n<meta property=\"og:image\" content=\"http:\/\/thanksyou.fr\/remerciement\/wp-content\/uploads\/2015\/03\/bulles-bandeau2.jpg\" \/>\n<meta name=\"twitter:label1\" content=\"Dur\u00e9e de lecture estim\u00e9e\" \/>\n\t<meta name=\"twitter:data1\" content=\"2 minutes\" \/>\n<script type=\"application\/ld+json\" class=\"yoast-schema-graph\">{\"@context\":\"https:\/\/schema.org\",\"@graph\":[{\"@type\":\"WebPage\",\"@id\":\"https:\/\/www.thanksyou.fr\/remerciement\/applications\/\",\"url\":\"https:\/\/www.thanksyou.fr\/remerciement\/applications\/\",\"name\":\"Applications - ThanksYou!\",\"isPartOf\":{\"@id\":\"https:\/\/www.thanksyou.fr\/remerciement\/#website\"},\"datePublished\":\"2015-04-13T14:52:29+00:00\",\"dateModified\":\"2015-04-14T14:46:40+00:00\",\"breadcrumb\":{\"@id\":\"https:\/\/www.thanksyou.fr\/remerciement\/applications\/#breadcrumb\"},\"inLanguage\":\"fr-FR\",\"potentialAction\":[{\"@type\":\"ReadAction\",\"target\":[\"https:\/\/www.thanksyou.fr\/remerciement\/applications\/\"]}]},{\"@type\":\"BreadcrumbList\",\"@id\":\"https:\/\/www.thanksyou.fr\/remerciement\/applications\/#breadcrumb\",\"itemListElement\":[{\"@type\":\"ListItem\",\"position\":1,\"name\":\"ThanksYou\",\"item\":\"https:\/\/www.thanksyou.fr\/remerciement\/\"},{\"@type\":\"ListItem\",\"position\":2,\"name\":\"Applications\"}]},{\"@type\":\"WebSite\",\"@id\":\"https:\/\/www.thanksyou.fr\/remerciement\/#website\",\"url\":\"https:\/\/www.thanksyou.fr\/remerciement\/\",\"name\":\"ThanksYou!\",\"description\":\"\",\"potentialAction\":[{\"@type\":\"SearchAction\",\"target\":{\"@type\":\"EntryPoint\",\"urlTemplate\":\"https:\/\/www.thanksyou.fr\/remerciement\/?s={search_term_string}\"},\"query-input\":\"required name=search_term_string\"}],\"inLanguage\":\"fr-FR\"}]}<\/script>\n<!-- \/ Yoast SEO plugin. -->","yoast_head_json":{"title":"Applications - ThanksYou!","robots":{"index":"index","follow":"follow","max-snippet":"max-snippet:-1","max-image-preview":"max-image-preview:large","max-video-preview":"max-video-preview:-1"},"canonical":"https:\/\/www.thanksyou.fr\/remerciement\/applications\/","og_locale":"fr_FR","og_type":"article","og_title":"Applications - ThanksYou!","og_description":"1000 occasions de stimuler et remercier ...!","og_url":"https:\/\/www.thanksyou.fr\/remerciement\/applications\/","og_site_name":"ThanksYou!","article_modified_time":"2015-04-14T14:46:40+00:00","og_image":[{"url":"http:\/\/thanksyou.fr\/remerciement\/wp-content\/uploads\/2015\/03\/bulles-bandeau2.jpg"}],"twitter_misc":{"Dur\u00e9e de lecture estim\u00e9e":"2 minutes"},"schema":{"@context":"https:\/\/schema.org","@graph":[{"@type":"WebPage","@id":"https:\/\/www.thanksyou.fr\/remerciement\/applications\/","url":"https:\/\/www.thanksyou.fr\/remerciement\/applications\/","name":"Applications - ThanksYou!","isPartOf":{"@id":"https:\/\/www.thanksyou.fr\/remerciement\/#website"},"datePublished":"2015-04-13T14:52:29+00:00","dateModified":"2015-04-14T14:46:40+00:00","breadcrumb":{"@id":"https:\/\/www.thanksyou.fr\/remerciement\/applications\/#breadcrumb"},"inLanguage":"fr-FR","potentialAction":[{"@type":"ReadAction","target":["https:\/\/www.thanksyou.fr\/remerciement\/applications\/"]}]},{"@type":"BreadcrumbList","@id":"https:\/\/www.thanksyou.fr\/remerciement\/applications\/#breadcrumb","itemListElement":[{"@type":"ListItem","position":1,"name":"ThanksYou","item":"https:\/\/www.thanksyou.fr\/remerciement\/"},{"@type":"ListItem","position":2,"name":"Applications"}]},{"@type":"WebSite","@id":"https:\/\/www.thanksyou.fr\/remerciement\/#website","url":"https:\/\/www.thanksyou.fr\/remerciement\/","name":"ThanksYou!","description":"","potentialAction":[{"@type":"SearchAction","target":{"@type":"EntryPoint","urlTemplate":"https:\/\/www.thanksyou.fr\/remerciement\/?s={search_term_string}"},"query-input":"required name=search_term_string"}],"inLanguage":"fr-FR"}]}},"_links":{"self":[{"href":"https:\/\/www.thanksyou.fr\/remerciement\/wp-json\/wp\/v2\/pages\/283"}],"collection":[{"href":"https:\/\/www.thanksyou.fr\/remerciement\/wp-json\/wp\/v2\/pages"}],"about":[{"href":"https:\/\/www.thanksyou.fr\/remerciement\/wp-json\/wp\/v2\/types\/page"}],"author":[{"embeddable":true,"href":"https:\/\/www.thanksyou.fr\/remerciement\/wp-json\/wp\/v2\/users\/1"}],"replies":[{"embeddable":true,"href":"https:\/\/www.thanksyou.fr\/remerciement\/wp-json\/wp\/v2\/comments?post=283"}],"version-history":[{"count":50,"href":"https:\/\/www.thanksyou.fr\/remerciement\/wp-json\/wp\/v2\/pages\/283\/revisions"}],"predecessor-version":[{"id":351,"href":"https:\/\/www.thanksyou.fr\/remerciement\/wp-json\/wp\/v2\/pages\/283\/revisions\/351"}],"wp:attachment":[{"href":"https:\/\/www.thanksyou.fr\/remerciement\/wp-json\/wp\/v2\/media?parent=283"}],"curies":[{"name":"wp","href":"https:\/\/api.w.org\/{rel}","templated":true}]}}